{"id":266,"date":"2023-01-13T09:57:28","date_gmt":"2023-01-13T09:57:28","guid":{"rendered":"http:\/\/145plus.net\/pub\/?page_id=266"},"modified":"2023-12-23T12:19:02","modified_gmt":"2023-12-23T12:19:02","slug":"volwassenen","status":"publish","type":"page","link":"http:\/\/145plus.net\/pub\/volwassenen\/","title":{"rendered":"Volwassenen"},"content":{"rendered":"<div class=\"wp-block-image\">\n<figure class=\"aligncenter size-large\"><img loading=\"lazy\" decoding=\"async\" width=\"1024\" height=\"442\" src=\"http:\/\/145plus.net\/pub\/wp-content\/uploads\/2023\/01\/Adults12-1024x442.jpg\" alt=\"\" class=\"wp-image-604\" srcset=\"http:\/\/145plus.net\/pub\/wp-content\/uploads\/2023\/01\/Adults12-1024x442.jpg 1024w, http:\/\/145plus.net\/pub\/wp-content\/uploads\/2023\/01\/Adults12-300x129.jpg 300w, http:\/\/145plus.net\/pub\/wp-content\/uploads\/2023\/01\/Adults12-768x331.jpg 768w, http:\/\/145plus.net\/pub\/wp-content\/uploads\/2023\/01\/Adults12.jpg 1069w\" sizes=\"auto, (max-width: 1024px) 100vw, 1024px\" \/><\/figure>\n<\/div>\n\n\n<p><\/p>\n\n\n\n<blockquote class=\"wp-block-quote is-layout-flow wp-block-quote-is-layout-flow\">\n<p class=\"has-text-align-center\"><em>&#8220;Gifted adults build their lives according to their personal circumstances growing up. However, one thing to keep in mind is that if they don\u2019t nurture these exceptional gifts early on, they may not flourish to their full potential.&#8221;<br>Valeria Sabater<\/em><\/p>\n<\/blockquote>\n\n\n\n<p class=\"has-white-background-color has-background\"><\/p>\n\n\n\n<p>In onze maatschappij wordt hoogbegaafdheid bij volwassenen langzaam maar zeker&nbsp;meer&nbsp;geaccepteerd. Over uitzonderlijk hoogbegaafdheid&nbsp;is echter algemeen nog maar weinig bekend en het is daarom voor uitzonderlijk hoogbegaafde volwassenen niet altijd makkelijk om zich als dusdanig te herkennen of&nbsp;te outen.<\/p>\n\n\n\n<p>Een reden voor dit gebrek aan bekendheid is o.a. te vinden in het feit dat er een pak minder uitzonderlijk hoogbegaafden zijn: slechts 0.1% van de bevolking, terwijl we bij hoogbegaafden over&nbsp;2 tot 3% kunnen spreken.<\/p>\n\n\n\n<p>Er wordt van uit gegaan dat de kenmerken van uitzonderlijk hoogbegaafde volwassenen in het verlengde liggen van de kenmerken die bekend zijn over&nbsp;hoogbegaafdheid in het algemeen. Deze eigenschappen zijn bij uitzonderlijk hoogbegaafden echter nog extremer en intenser aanwezig en kunnen bovendien een&nbsp;nog grotere impact hebben op hun&nbsp;leven. Dit laatste mag&nbsp;men zowel positief als negatief interpreteren. De eigenschappen en capaciteiten van UHB volwassenen kunnen tot (nog) hoge(re) prestaties leiden (op alle vlakken, dus niet louter op wetenschappelijke of&nbsp;arbeidsprestaties) en tot diepere ervaringen (zeer diepgaande&nbsp;gevoelens, intenser&nbsp;genieten, grotere creativiteit, &#8230;). Tegelijkertijd kunnen ook de moeilijkheden die&nbsp;zij hierdoor ondervinden ook veel groter of intenser zijn.&nbsp;<\/p>\n\n\n\n<p>Het vinden van gelijkgestemden of peers is ook voor uitzonderlijk hoogbegaafde volwassenen geen vanzelfsprekendheid. Zelfs binnen een groep van hoogbegaafden kunnen zij nog het gevoel hebben \u2018anders\u2019 te zijn.&nbsp;Gevoelens van blijvende eenzaamheid binnen een&nbsp;groep van hoogbegaafde vrienden of collega&#8217;s, kunnen dan ook duiden op uitzonderlijke begaafdheid, ook wanneer de&nbsp;prestaties van die persoon niet uitzonderlijk lijken.<\/p>\n\n\n\n<p class=\"has-white-background-color has-background\"><\/p>\n\n\n\n<h3 class=\"wp-block-heading\">Uitzonderlijk&nbsp;hoogbegaafde kinderen worden uitzonderlijk hoogbegaafde&nbsp;volwassenen<\/h3>\n\n\n\n<p>Alle kenmerken die uitzonderlijk hoogbegaafde kinderen (kunnen) ervaren,&nbsp;gaan door tot in de volwassenheid. Deze typische UHB aspecten cre\u00ebren een aparte levenservaring voor de uitzonderlijk hoogbegaafde volwassene.<\/p>\n\n\n\n<p>Hoogbegaafde kinderen die een opvoeding en\/of opleiding kunnen genieten die past&nbsp;bij hun capaciteiten,&nbsp; eigenschappen en noden, gaan meestal makkelijker of beter om met hun uitzonderlijke begaafdheid. Het lijkt bijna vanzelfsprekend dat een uitzonderlijk hoogbegaafde die van in het begin gezien, erkend en begeleid is, daar in het latere deel van zijn leven de vruchten zal van plukken en een vooral&nbsp;positieve levenservaring zal hebben. Een problematische schoolcarri\u00e8re of een niet passende omgeving tijdens de jeugd, kunnen leiden tot een moeilijk of&nbsp;zelfs destructief volwassen leven. Dit is echter geen absolute waarheid. Voorbeelden van uitzonderlijk hoogbegaafden die ondanks tegenslagen in hun jeugd, een verkeerde opleiding of buitengewone levensuitdagingen, toch een geslaagd leven uitbouwen, zijn uiteraard eveneens volop te vinden.<\/p>\n\n\n\n<p class=\"has-white-background-color has-background\"><\/p>\n\n\n\n<h3 class=\"wp-block-heading\">Sterktes versus&nbsp;kwetsbaarheden<\/h3>\n\n\n\n<p>Uitzonderlijke hoogbegaafdheid brengt zowel positieve aspecten (sterktes) als valkuilen (kwetsbaarheden) met zich mee. De manier waarop een uitzonderlijk hoogbegaafde de aspecten van het UHB-zijn in z&#8217;n leven integreert en passende coping mechanismes ontwikkelt om met de specifieke uitdagingen&nbsp;om te gaan, bepaalt de impact&nbsp;van uitzonderlijke hoogbegaafdheid in het volwassen leven.&nbsp;<\/p>\n\n\n\n<p>Het is belangrijk om als persoon deze sterktes, maar ook de&nbsp;kwetsbaarheden te herkennen, waardoor ze positief ingebouwd kunnen worden in het alledaagse leven. Een uitzonderlijk hoogbegaafde die op positieve wijze&nbsp;weet om te gaan met zow\u00e8l z&#8217;n kracht als z&#8217;n uitdagingen, zal eerder in staat zijn om deze kenmerken constructief&nbsp;aan te wenden en er de vruchten van te plukken. En dat niet alleen&nbsp;op het niveau van job&nbsp;of arbeidssituatie, maar ook op vlak van sociale relaties, emoties en&nbsp;persoonlijke ontwikkeling.<\/p>\n\n\n\n<p>Onder het hoofdstuk algemene informatie vindt u meer info over deze <a href=\"https:\/\/145plus.net\/pub\/2019\/12\/27\/sterktes-en-positieve-krachten\/\">sterktes<\/a> en <a href=\"https:\/\/145plus.net\/pub\/2019\/11\/06\/kwetsbaarheden-en-valkuilen\/\">kwetsbaarheden<\/a>.<\/p>\n\n\n\n<p class=\"has-white-background-color has-background\"><\/p>\n\n\n\n<h3 class=\"wp-block-heading\">Kenmerken van uitzonderlijke&nbsp;hoogbegaafden<\/h3>\n\n\n\n<p>De kenmerken van hoogbegaafden en uitzonderlijk hoogbegaafden zijn dus gelijkaardig.&nbsp;Het is echter niet de aanwezigheid&nbsp;van deze kenmerken, maar&nbsp;<strong>w\u00e9l de intensiteit waarmee ze gepaard gaan<\/strong>, die het verschil tussen hoogbegaafdheid en uitzonderlijke hoogbegaafdheid bepalen. Een uitzonderlijk begaafde volwassene ervaart deze eigenschappen dieper, extremer, voller, &#8230; en meer overweldigend dan een hoogbegaafde. Uiteraard is het moeilijk om deze intensiteit te bepalen. Mensen kunnen enkel over hun eigen gevoelens en ervaringen oordelen, waardoor het&nbsp;vergelijken met die van anderen soms extreem moeilijk is. Ook dit is een reden waarom sommige hoogbegaafden zich niet bewust zijn van hun uitzonderlijke hoogbegaafdheid. Het subjectieve karakter van emoties bemoeilijkt vaak de&nbsp;herkenning.<\/p>\n\n\n\n<p>In haar boek, <a href=\"https:\/\/www.standaardboekhandel.be\/p\/the-gifted-adult-9780345434920\" target=\"_blank\" rel=\"noreferrer noopener\">&#8220;The Gifted Adult: A Revolutionary Guide for Liberating Everyday Genius&#8221;<\/a> geeft Mary-Elaine Jacobsen de volgende kenmerkenlijst voor hoogbegaafde volwassenen om te helpen bij de identificatie als hoogbegaafde:<\/p>\n\n\n\n<ul class=\"wp-block-list\">\n<li>Ik heb altijd een onverzadigbare nieuwsgierigheid gehad<\/li>\n\n\n\n<li>Ik stel zeer hoge eisen aan mezelf en kan mijn eigen ergste criticus zijn<\/li>\n\n\n\n<li>Ik heb een sterke behoefte om te weten en ben een zoeker naar de ultieme waarheden<\/li>\n\n\n\n<li>Ik ben bekritiseerd omdat ik &#8220;te veel&#8221; van zowat alles zou zijn<\/li>\n\n\n\n<li>Ik heb me altijd diep gekwetst gevoeld door onrechtvaardigheid en menselijk lijden<\/li>\n\n\n\n<li>Ik zie veel kanten aan bijna elke kwestie en hou van een goed debat<\/li>\n\n\n\n<li>Ik heb veel energie en voel me vaak gedreven door mijn eigen creativiteit<\/li>\n\n\n\n<li>Ik word vaak gezien als de &#8220;idee\u00ebnpersoon&#8221; in een groep<\/li>\n\n\n\n<li>Ik hou van puzzels, doolhoven, paradoxen, complexe idee\u00ebn en woorden<\/li>\n\n\n\n<li>Ik voel me vaak verantwoordelijk voor problemen die eigenlijk niet bij mij horen<\/li>\n\n\n\n<li>Ik heb me vaak &#8220;anders&#8221; gevoeld, en soms voel ik me een minderheid van \u00e9\u00e9n<\/li>\n\n\n\n<li>Ik ben een door de wol geverfde perfectionist<\/li>\n\n\n\n<li>Ik heb kritiek gekregen omdat ik niet &#8220;bij \u00e9\u00e9n ding blijf&#8221;<\/li>\n\n\n\n<li>Eerlijkheid, integriteit en authenticiteit zijn erg belangrijk voor me<\/li>\n\n\n\n<li>Ik heb een geschiedenis van het in twijfel trekken van regels en het uitdagen van autoriteit<\/li>\n\n\n\n<li>Ik schijn last te hebben van felle lichten, geuren en geluiden die anderen negeren<\/li>\n\n\n\n<li>Ik heb een goed ontwikkeld gevoel voor humor, dat enigszins onconventioneel is<\/li>\n\n\n\n<li>Ik heb mijn kinderlijke gevoel voor speelsheid en verwondering behouden<\/li>\n<\/ul>\n\n\n\n<p>Uiteraard is geen enkel lijstje van eigenschappen of psychologische kenmerken exclusief of zelfs maar representatief. Uitzonderlijke hoogbegaafdheid wordt&nbsp;vaak pas herkend&nbsp;wanneer men uiteindelijk onder gelijkgestemden komt. Alle bovenstaande kenmerken zijn bedoeld als richtlijn voor herkenning, niet als basis voor diagnoses.<\/p>\n\n\n\n<p>Sommige volwassenen ontdekken hun uitzonderlijke hoogbegaafdheid pas op het moment dat ze ouders worden en door de ervaringen van&nbsp;hun kinderen binnen onderwijs geconfronteerd worden met herkenbare gebeurtenissen of zelfs met trauma&#8217;s uit hun eigen jeugd of schoolcarri\u00e8re.<\/p>\n\n\n\n<p class=\"has-white-background-color has-background\"><\/p>\n\n\n\n<h3 class=\"wp-block-heading\">Hoogbegaafdheid toont zich niet in \u00e9\u00e9n hoedanigheid maar is voor iedereen&nbsp;verschillend<\/h3>\n\n\n\n<p>Er bestaan geen standaard kenmerken waaraan \u00e9lke uitzonderlijk hoogbegaafde voldoet. Het feit dat iemand UHB is, maakt niet dat hij op dezelfde manier denkt, handelt, voelt, &#8230; als elke \u00e0ndere uitzonderlijk hoogbegaafde. Uitzonderlijke hoogbegaafdheid komt in alle mogelijke vormen. Geen twee uitzonderlijk hoogbegaafden zullen daarom hetzelfde zijn, net zoals ook niet hoogbegaafden van elkaar verschillen.<\/p>\n\n\n\n<p>Bovendien is de categorie UHB nog eens extreem heterogeen. En dat in grotere mate zelfs dan de categorie hoogbegaafden. Hoe verder iemand afwijkt van de norm, hoe anders men zal zijn. Men kan er dus van uit gaan dat iemand die binnen de groep &#8216;profoundly gifted&#8217; valt, de wereld nog heel anders zal ervaren dan iemand die &#8216;highly gifted&#8217; is. Dit kan een invloed hebben op iemands&nbsp;manier van denken, van redeneren, van ervaren, van voelen en verwerken, &#8230; en dat op alle mogelijke niveaus (sociaal, intellectueel, emotioneel, &#8230;).<\/p>\n\n\n\n<p>Het is ook vanzelfsprekend dat niet alleen begaafdheid, maar ook bijvoorbeeld opvoeding, karakter, genen of&nbsp;(levens)ervaringen mee de persoonlijkheid van een volwassene vormen.<\/p>\n\n\n\n<p class=\"has-white-background-color has-background\"><\/p>\n\n\n\n<h3 class=\"wp-block-heading\">Uitzonderlijke prestaties niet altijd&nbsp;herkenbaar<\/h3>\n\n\n\n<p>Cognitieve verschillen bij volwassenen kunnen op veel gebieden leiden tot hoge niveaus van carri\u00e8re succes. Denk maar aan&nbsp;de &#8216;uitzonderlijke prestaties&#8217; die de&nbsp;<em>erkende<\/em>&nbsp;hoogbegaafde volwassene&nbsp;voortbrengt. We spreken dan over&nbsp;de baanbrekende natuurkundige, de grote filosoof of de succesvolle ondernemer, maar ook bijvoorbeeld over de uitzonderlijk hoogbegaafde&nbsp;vrouw&nbsp;die moederschap met een universitaire carri\u00e8re combineert of de psycholoog met uitgebreid client\u00e8le.<\/p>\n\n\n\n<p>Academische prestaties worden in deze samenleving sneller (h)erkend als &#8216;succes&#8217;, maar zijn niet de \u00e9nige vorm van prestaties die een uitzonderlijk hoogbegaafde kan neerzetten.<\/p>\n\n\n\n<p>Niet \u00e0lle uitzonderlijk hoogbegaafden zetten&nbsp;<em>herkenbare<\/em>&nbsp;hoge prestaties neer. Of tenminste&nbsp;niet op de manier waarop&nbsp;de maatschappij naar prestaties kijkt. Creatieve prestaties kunnen evengoed blijk geven van een uitzonderlijkheid die de UHB volwassene bezit. Prestaties op vlak van kunst, sport, schaken, muziek, &#8230; zijn vaak minder herkenbaar, maar evenzeer een uiting van uitzonderlijk talent. Sommige uitzonderlijk hoogbegaafden zetten \u00fcberhaupt geen &#8216;hoge&#8217; prestaties neer. Zij leerden zich bijvoorbeeld van jongs af aanpassen aan de verwachtingen van de maatschappij, kregen niet de meest passende opleiding, verkregen geen diploma of deden met hun&nbsp;verworven diploma weinig&nbsp;of niets. Soms&nbsp;kozen ze net een heel andere levensrichting waarin ze zich goed en gelukkig voelen, maar valt deze manier van leven buiten de maatschappelijke verwachtingen. Anderen hebben een meer alledaagse job of functie waarin hun begaafdheid niet opvalt en leiden een heel gewoon leven, al dan niet uit bewuste keuze. De tevredenheid die ze hierdoor wel of&nbsp;niet ervaren, kan zeer afhankelijk&nbsp;zijn.&nbsp;<\/p>\n\n\n\n<p class=\"has-white-background-color has-background\"><\/p>\n\n\n\n<h3 class=\"wp-block-heading\">Voldoening als uitzonderlijke&nbsp;hoogbegaafde<\/h3>\n\n\n\n<p>Uitzonderlijke hoogbegaafdheid en tevredenheid is soms een moeilijke evenwicht. Er is geen vaststaande &#8216;oorzaak en gevolg&#8217; tussen beiden. Net zoals bij niet hoogbegaafden, hangt de levensloop &#8211; en de gevoelens die men hierover ervaart &#8211; samen met een groot aantal aspecten en is die niet louter afhankelijk van een passende opleiding. Het kan lijken dat het voor iemand, die als kind gezien werd in z&#8217;n noden en hierdoor een bij z&#8217;n talenten en passies passende onderwijscarri\u00e8re kon&nbsp;ontwikkelen,&nbsp;veel makkelijker is&nbsp;een leven uit te bouwen dat aansluit bij z&#8217;n sociale, emotionele \u00e9n intellectuele noden. De uitzonderlijk&nbsp;hoogbegaafde volwassene, wiens levensomstandigheden, fysieke gezondheid, een verkeerde begeleiding of niet-passend onderwijs hem weerhielden van een&nbsp;positief&nbsp;gebruik van z&#8217;n&nbsp;vaardigheden, kan als gevolg hiervan een gevoel van frustratie, een gebrek aan voldoening (in arbeidssituatie of persoonlijk leven)&nbsp;of zelfs&nbsp;een onduidelijk onderhuids knagend gevoel van onvrijheid ervaren.<\/p>\n\n\n\n<p>Sommige&nbsp;uitzonderlijk hoogbegaafde volwassenen nemen &#8211; vaak van jongs af &#8211; hun toevlucht tot interne coping-mechanismen om de uitdagingen van het uitzonderlijk hoogbegaafd zijn&nbsp;het hoofd te bieden. Soms&nbsp;slagen ze er op die manier in om een redelijk \u200b\u200bbevredigend leven op te bouwen, hoewel ze hiervoor misschien&nbsp;toegevingen naar zichzelf moeten doen. Ze hebben dan bijvoorbeeld goede werk- of levenssituaties, maar toch blijft&nbsp;er&nbsp;iets onverklaarbaars&nbsp;in hun hoofd zitten, iets dat dagelijks voor hen uit de toon valt. Het gebrek aan uitdaging en erkenning, het niet gezien worden en het tekort aan een passende sociale omgeving blijven&nbsp;knagen, soms net onder de oppervlakte, soms dieper.<\/p>\n\n\n\n<p>Uit onderzoek bleek dat uitzonderlijk hoogbegaafde kinderen die tijdens hun opleiding de juiste aanpassingen kregen (in concreto: versnellingen van 2&nbsp;of meer jaren en een aangepaste begeleiding) het in hun latere leven beter doen dan hun peers die minder of niet versneld werden. En dat zowel op vlak van carri\u00e8re als op sociaal en emotioneel niveau. <\/p>\n\n\n\n<p>Dit wil echter niet zeggen dat elke uitzonderlijke hoogbegaafde die ni\u00e9t de juiste aanpassingen kreeg of die bijvoorbeeld geen diploma haalde, gedoemd is om een miserabel, eenzaam leven zonder invulling te leiden. Het herkennen van valkuilen, kan de start betekenen van een andere levens- of carri\u00e8re richting. Dit kan&nbsp;in principe op \u00e9lk moment in iemands leven. Herkenning van je eigen kenmerken en noden als volwassen of zelfs oudere uitzonderlijk hoogbegaafde, kan de start betekenen van erkenning en verandering. Ook op latere leeftijd kan dit een verschil maken in het verloop van je eigen toekomst. Het contact met peers of lotsgenoten kan hierin al een grote hulp zijn.<\/p>\n\n\n\n<p class=\"has-white-background-color has-background\"><\/p>\n\n\n\n<h3 class=\"wp-block-heading\">Sociale behoeftes anders&nbsp;ingevuld<\/h3>\n\n\n\n<p>Een uitzonderlijk hoogbegaafde heeft een inherente behoefte om op een dieper niveau met anderen in contact te komen. Deze manier van interactie ligt op een nog dieper niveau dan bij hoogbegaafden.&nbsp;<\/p>\n\n\n\n<p>In de maatschappij worden uitzonderlijk hoogbegaafde volwassenen soms&nbsp;als &#8216;sociaal onhandig&#8217;&nbsp;bekeken. Ze zouden geen of niet de juiste sociale vaardigheden hebben. Het is echter belangrijk om verder te kijken dan deze enge benadering.<\/p>\n\n\n\n<p>In sommige gevallen zijn uitzonderlijk hoogbegaafden&nbsp;opgegroeid in een omgeving waar ze omringd werden door mensen die hun interesses niet deelden of de wereld niet zagen zoals zij.&nbsp;Naarmate ze volwassen werden, bleven ze sociale hiaten ervaren. Ze hunkeren naar een&nbsp;emotionele, maar&nbsp;vooral intellectuele connectie. Ze willen graag iemand vinden om hun passies, hun&nbsp;doelen, hun ervaringen, hun kijk op de wereld, &#8230; mee te delen.<\/p>\n\n\n\n<p>Uitzonderlijk hoogbegaafden houden vaak&nbsp;niet van oppervlakkige contacten. Ni\u00e9t omdat ze &#8216;niet in staat zijn&#8217; om over koetjes en kalfjes te praten,&nbsp;ze &#8216;enkel over de relativiteitstheorie willen discussi\u00ebren&#8217; of zich &#8216;beter&nbsp;voelen dan hun minder begaafde medemens&#8217;. Vanuit zijn inherente zijn, heeft een uitzonderlijk hoogbegaafde echter een vorm van diepgang nodig om een gevoel van voldoening&nbsp;te hebben. Zijn geest hunkert naar erkenning op intellectueel en sociaal niveau.&nbsp;<\/p>\n\n\n\n<p>Dit wil niet zeggen dat een UHB ouder aan de schoolpoort geen alledaags praatje kan of zal slaan. Of dat de UHB werknemer niet open staat voor grapjes of conversaties onder collega&#8217;s onder lunchtijd. Een overvloed aan deze gesprekken put een uitzonderlijk hoogbegaafde echter sneller uit. Oppervlakkige contacten moeten dus gecompenseerd worden met diepere relaties.<\/p>\n\n\n\n<p>Omdat het aantal peers ook voor uitzonderlijk hoogbegaafde volwassenen vaak heel beperkt is (en er uiteraard m\u00e9\u00e9r nodig is om de klik te maken tussen 2 mensen, ook al zijn deze allebei UHB), is het belangrijk&nbsp;strategie\u00ebn te zoeken&nbsp;om aan de eigen sociale behoeftes te voldoen. Dit kan door bijvoorbeeld op verschillende &#8216;niveaus&#8217; peers, vrienden of gesprekspartners te zoeken: mensen bij wie je terecht kan voor bepaalde activiteiten, anderen met wie je hobby&#8217;s deelt, en weer anderen voor je persoonlijke interesses of behoefte aan diepgang.&nbsp;Het spreiden van sociale contacten kan op die manier gericht en gedeeltelijk&nbsp;tegemoet komen aan je sociale behoeftes, waardoor het geheel van die verschillende contacten toch voor de nodige voldoening en tevredenheid in het leven zorgt.&nbsp;<\/p>\n\n\n\n<p class=\"has-white-background-color has-background\"><\/p>\n\n\n\n<h3 class=\"wp-block-heading\">Een avontuurlijke reis naar&nbsp;jezelf<\/h3>\n\n\n\n<p>Opgroeien als uitzonderlijk hoogbegaafde,&nbsp;is op z&#8217;n minst een avontuurlijke reis te noemen. In de bagage die je als volwassene op die reis met je meezeult, kunnen positieve en negatieve ervaringen uit je jeugd, opleiding of het&nbsp;leven dat je al achter de rug hebt, licht of zwaar doorwegen. De tocht kan hobbelig zijn, met onverwachte gebeurtenissen, bijzondere ervaringen en een heleboel uitdagingen die samengaan met het uitzonderlijk hoogbegaafd zijn. Maar net zoals bij elke avontuur, is je eigen inzet, veerkracht en&nbsp;doorzettingsvermogen mee bepalend voor de afloop. De reis die je maakt is waarschijnlijk &#8216;anders&#8217; te noemen dan die van andere mensen. Maar dit &#8216;anders zijn&#8217; op zich is in wezen niets bijzonders. Elke uitzonderlijk hoogbegaafde kan de persoon zijn die hij of zij graag wil zijn. <\/p>\n\n\n\n<p>Wees niet bang om de uitdagingen recht in de ogen te kijken en omarm het avontuur. Weet dat een hobbelig pad juist kan leiden naar het meest indrukwekkende eindpunt. Wees je eigen ontdekkingsreiziger!<\/p>\n\n\n\n<p class=\"has-white-background-color has-background\"><\/p>\n\n\n\n<p class=\"has-text-align-center\"><em>Herkent u zichzelf&nbsp;in deze kenmerken?<br>Wil u graag ervaringen uitwisselen met andere UHB volwassenen?<br>Word dan lid van onze&nbsp;<a href=\"https:\/\/www.facebook.com\/groups\/224502038714403\" target=\"_blank\" rel=\"noreferrer noopener\">Facebook&nbsp;groep<\/a><\/em><\/p>\n\n\n\n<p class=\"has-white-background-color has-background\"><\/p>\n","protected":false},"excerpt":{"rendered":"<p>&#8220;Gifted adults build their lives according to their personal circumstances growing up. However, one thing to keep in mind is that if they don\u2019t nurture these exceptional gifts early on, they may not flourish to their full potential.&#8221;Valeria Sabater In onze maatschappij wordt hoogbegaafdheid bij volwassenen langzaam maar zeker&nbsp;meer&nbsp;geaccepteerd. Over uitzonderlijk hoogbegaafdheid&nbsp;is echter algemeen nog [&hellip;]<\/p>\n","protected":false},"author":1,"featured_media":0,"parent":0,"menu_order":0,"comment_status":"closed","ping_status":"closed","template":"","meta":{"footnotes":""},"class_list":["post-266","page","type-page","status-publish","hentry"],"_links":{"self":[{"href":"http:\/\/145plus.net\/pub\/wp-json\/wp\/v2\/pages\/266","targetHints":{"allow":["GET"]}}],"collection":[{"href":"http:\/\/145plus.net\/pub\/wp-json\/wp\/v2\/pages"}],"about":[{"href":"http:\/\/145plus.net\/pub\/wp-json\/wp\/v2\/types\/page"}],"author":[{"embeddable":true,"href":"http:\/\/145plus.net\/pub\/wp-json\/wp\/v2\/users\/1"}],"replies":[{"embeddable":true,"href":"http:\/\/145plus.net\/pub\/wp-json\/wp\/v2\/comments?post=266"}],"version-history":[{"count":7,"href":"http:\/\/145plus.net\/pub\/wp-json\/wp\/v2\/pages\/266\/revisions"}],"predecessor-version":[{"id":1784,"href":"http:\/\/145plus.net\/pub\/wp-json\/wp\/v2\/pages\/266\/revisions\/1784"}],"wp:attachment":[{"href":"http:\/\/145plus.net\/pub\/wp-json\/wp\/v2\/media?parent=266"}],"curies":[{"name":"wp","href":"https:\/\/api.w.org\/{rel}","templated":true}]}}