{"id":683,"date":"2023-01-29T16:42:31","date_gmt":"2023-01-29T16:42:31","guid":{"rendered":"http:\/\/145plus.net\/pub\/?page_id=683"},"modified":"2023-01-31T12:44:45","modified_gmt":"2023-01-31T12:44:45","slug":"aanpak-uhb-kleuters-op-school","status":"publish","type":"page","link":"http:\/\/145plus.net\/pub\/aanpak-uhb-kleuters-op-school\/","title":{"rendered":"Aanpak UHB kleuters op school"},"content":{"rendered":"<div class=\"wp-block-image\">\n<figure class=\"aligncenter size-large\"><img loading=\"lazy\" decoding=\"async\" width=\"1024\" height=\"556\" src=\"http:\/\/145plus.net\/pub\/wp-content\/uploads\/2023\/01\/kleuter1-1024x556.jpg\" alt=\"\" class=\"wp-image-684\" srcset=\"http:\/\/145plus.net\/pub\/wp-content\/uploads\/2023\/01\/kleuter1-1024x556.jpg 1024w, http:\/\/145plus.net\/pub\/wp-content\/uploads\/2023\/01\/kleuter1-300x163.jpg 300w, http:\/\/145plus.net\/pub\/wp-content\/uploads\/2023\/01\/kleuter1-768x417.jpg 768w, http:\/\/145plus.net\/pub\/wp-content\/uploads\/2023\/01\/kleuter1.jpg 1033w\" sizes=\"auto, (max-width: 1024px) 100vw, 1024px\" \/><\/figure>\n<\/div>\n\n\n<p class=\"has-white-color has-white-background-color has-text-color has-background\"><\/p>\n\n\n\n<p>Ook voor&nbsp;uitzonderlijk begaafde kleuters zijn onderwijsaanpassingen&nbsp;een absolute noodzaak. Het feit dat deze kinderen nog heel erg jong zijn, mag geen excuus zijn om hen geen uitdaging op maat te geven. Integendeel: uit wetenschappelijk langdurig onderzoek in o.a. de Verenigde Staten en Australi\u00eb blijkt dat&nbsp;hoe vroeger onderwijsaanpassingen doorgevoerd worden om UHB kinderen passend(er) onderwijs te geven, hoe betere de resultaten zijn&nbsp;op lange termijn. Zo zijn deze kinderen op latere leeftijd emotioneel stabieler, gelukkiger, ervaren ze veel meer voldoening&nbsp;aan hun schoolcarri\u00e8re \u00e9n komen ze in hun latere leven in een meer passende&nbsp;carri\u00e8re terecht.<\/p>\n\n\n\n<p>Om er voor te zorgen dat deze kleuters aan een passende schoolcarri\u00e8re kunnen starten, is maatwerk nodig. U als kleuterleerkracht of school hebt de sleutel hiervoor in handen.\u00a0<\/p>\n\n\n\n<p class=\"has-white-background-color has-background\"><\/p>\n\n\n\n<h3 class=\"wp-block-heading\">Maatregelen<\/h3>\n\n\n\n<p>We bespreken in dit hoofdstuk de maatregelen zoals die in ook het&nbsp;<a target=\"_blank\" href=\"https:\/\/www.prodiagnostiek.be\/materiaal\/CSF.pdf\" rel=\"noreferrer noopener\">&#8220;Specifiek Diagnostisch Protocol bij cognitief sterk functioneren&#8221;<\/a>&nbsp;van&nbsp;<a target=\"_blank\" href=\"https:\/\/prodiagnostiek.be\/?q=cognitief-sterk-functioneren\" rel=\"noreferrer noopener\">Prodia<\/a>&nbsp;worden aangeraden. Deze maatregelen passen we aan aan de noden van UHB kinderen.<\/p>\n\n\n\n<p>Prodia&nbsp;raadt 3 basismaatregelen aan:<\/p>\n\n\n\n<ul class=\"wp-block-list\">\n<li>compacten<\/li>\n\n\n\n<li>verrijken<\/li>\n\n\n\n<li>peergroeponderwijs<\/li>\n<\/ul>\n\n\n\n<p><em>&#8220;Als er sprake is van een grote didactische voorsprong en bovengenoemde maatregelen onvoldoende tegemoetkomen aan de onderwijsbehoeften van een leerling&#8221;<\/em>, wordt door Prodia een extra maatregel aangeraden, nl. versnellen.<\/p>\n\n\n\n<p>Uitzonderlijk hoogbegaafde&nbsp;kinderen hebben vanuit hun asynchrone ontwikkeling, hun natuurlijke verwerkingssnelheid en hun specifieke eigenschappen echter behoefte aan een <strong>toepassing van alle maatregelen<\/strong>, zowel compacten, verrijken, peergroeponderwijs als versnellen. Deze maatregelen worden best zo vroeg mogelijk toegepast om aanpassing en onderpresteren van de kleuter te voorkomen. Voor een optimaal resultaat worden deze maatregelen ingepast in een individueel leertraject voor de UHB leerling, waardoor deze tijdens z&#8217;n ganse schoolcarri\u00e8re de meest passende opleiding kan genieten. Maatregelen binnen de categorie\u00ebn worden liefst zo breed mogelijk genomen, afhankelijk van de noden, talenten en interesses van het UHB kind:<\/p>\n\n\n\n<p><\/p>\n\n\n\n<p>Wil je graag weten welke maatregelen toepasbaar zijn voor UHB kleuters? Op zoek naar praktische tips voor jou als leerkracht of als school? Lees dan hier verder:<\/p>\n\n\n\n<ul class=\"wp-block-list\">\n<li><a href=\"#compacten\">Compacten<\/a><\/li>\n\n\n\n<li><a href=\"#verrijken\">Verrijken<\/a>\u00a0<\/li>\n\n\n\n<li><a href=\"#peergroeponderwijs\">Peergroeponderwijs<\/a>\u00a0<\/li>\n\n\n\n<li><a href=\"#versnellen\">Versnellen<\/a><\/li>\n\n\n\n<li><a href=\"#vakversnelling\">Vakversnelling<\/a><\/li>\n\n\n\n<li><a href=\"#Individuele_leertrajecten\">Individuele\u00a0leertrajecten<\/a><\/li>\n\n\n\n<li><a href=\"#gebruik_van_code_P\">Gebruik van Code\u00a0P<\/a><\/li>\n<\/ul>\n\n\n\n<p><\/p>\n\n\n\n<p class=\"has-white-color has-white-background-color has-text-color has-background\"><\/p>\n\n\n\n<h3 class=\"wp-block-heading\" id=\"compacten\">Compacten<\/h3>\n\n\n\n<p><em><strong>Prodia:<\/strong>&nbsp;&#8220;Compacten houdt in dat de leerkracht bekijkt welke leerstof de leerling beheerst en deze nog slechts beperkt of niet meer aanbiedt.&nbsp;Dit voorkomt het onnodig inoefenen en herhalen van reeds gekende leerstof.&nbsp;Dankzij compacten komt er bovendien ruimte vrij om bijkomende leerstof in de zone van naaste ontwikkeling aan te bieden en de leerling tot leren te brengen.&#8221;&nbsp;<\/em><\/p>\n\n\n\n<p>Compacten is ook voor UHB kleuters uiterst belangrijk, om er voor te zorgen dat zij niet opnieuw en opnieuw werkjes moeten doen die ze al lang onder de knie hebben. Het voorkomt verveling en frustratie bij de kleuter. Eens iets gekend, hoeft een kleuter geen talloze herhaling. Hij wil iets ni\u00e9uws leren, wat voor hem uitdaging biedt. In de tijd die hierdoor vrij komt, kan de kleuter individueel andere opdrachtjes uitvoeren die binnen zijn zone van naaste ontwikkeling zitten.<\/p>\n\n\n\n<p class=\"has-white-background-color has-background\"><a href=\"http:\/\/145plus.net\/tiki\/tiki-editpage.php?page=Aanpak+UHB+kleuters&amp;hdr=4\"><\/a><\/p>\n\n\n\n<h4 class=\"wp-block-heading\" id=\"Tips_voor_de_leerkracht:\">Tips voor de&nbsp;leerkracht:<a href=\"http:\/\/145plus.net\/tiki\/tiki-index.php?page=Aanpak-UHB-kleuters#Tips_voor_de_leerkracht:\"><\/a><\/h4>\n\n\n\n<ul class=\"wp-block-list\">\n<li>Hou er rekening mee dat je UHB kleuter, zelfs wanneer hij individueel aan het werk is, nog altijd rekent op je begeleiding en hulp. Controleer vaak hoe en wat de kleuter aan het doen is en of hij niet vastloopt in de oefeningen. Dit kan voorkomen dat de kleuter het opgeeft wegens &#8217;te moeilijk&#8217;.<br><\/li>\n\n\n\n<li>Niet elke UHB kleuter verwelkomt extra uitdagend werk met open armen. Wanneer je merkt dat de kleuter klaagt over &#8216;saai&#8217; of wanneer hij niet tot werken komt, kan het zijn dat de opdracht niet in zijn zone van naaste ontwikkeling ligt. Laat je niet ontmoedigen door zijn reactie of zijn gebrek aan enthousiasme, maar zoek samen&nbsp;met de kleuter naar een beter passende opdracht. Ondersteun en motiveer hem.<\/li>\n<\/ul>\n\n\n\n<p class=\"has-white-background-color has-background\"><\/p>\n\n\n\n<h3 class=\"wp-block-heading\" id=\"verrijken\">Verrijken<\/h3>\n\n\n\n<p><em><strong>Prodia:<\/strong>&nbsp;&#8220;Verrijking omvat het loslaten van een voorgestructureerd aanbod en vooraf gestructureerde doorgaande leerlijnen. Desalniettemin is het van belang om verrijkingstaken goed te plannen, monitoren, begeleiden en evalueren. Het structureel inplannen van verrijkingsonderwijs geeft immers een grotere kans op succes . Het doel van verrijking is de leerling aanmoedigen om meer te willen leren, weten, ontdekken, bedenken, uitvinden. Verrijking kan zowel verdieping als verbreding omvatten:<\/em><\/p>\n\n\n\n<ul class=\"wp-block-list\">\n<li><em>Verdieping is het verder uitdiepen van de leerstof die binnen het gemeenschappelijke curriculum valt. Verdiepingsstof zorgt ervoor dat cognitief sterke leerlingen een ander element van het vakgebied verkennen en onderzoeken dat ze nog niet ontwikkeld hebben.<\/em><\/li>\n\n\n\n<li><em>Verbreding omvat daarentegen een uitbreiding van het gemeenschappelijke curriculum, bijvoorbeeld het leren van een vreemde taal of een cursus programmeren, als die niet in het lespakket zit.&#8221;<\/em><\/li>\n<\/ul>\n\n\n\n<p>Bij UHB kleuters, praten we graag over het effect van &#8220;relevante verrijking&#8221;. Deze verrijking&nbsp;kan gebruikt worden wanneer een UHB kleuter om bepaalde redenen niet (meer) kan versneld worden. Maar het is ook van belang n\u00e0 een versnelling (jawel, ook een meermaalse) de kleuter nog verrijking te geven: een UHB kleuter heeft daar een blijvende nood aan.<\/p>\n\n\n\n<p>&#8216;Relevante&nbsp;verrijking&#8217; volgt ni\u00e9t het curriculum van een school, maar w\u00e9l specifiek&nbsp;de noden, de interesses of het talent van het kind z\u00e9lf. Met andere woorden: blijf niet binnen het louter schoolse aanbod, maar kijk echt naar wat de kleuter kan, wil of graag doet. Een kleuter met gevoel voor taal, kan bijvoorbeeld een nieuwe taal leren. I.p.v. de standaard talen aan te bieden die het later op school nog als vak krijgt, kan&nbsp;bijvoorbeeld&nbsp;een minder bekende taal als&nbsp;Spaans, Italiaans of Russisch, maar zelfs Chinees of Japans&nbsp;een mogelijkheid zijn. Het kind kan via een app of met behulp van een (externe) tutor (in samenspraak met de ouders) aan het werk gaan, terwijl de andere kleuters hun eigen&nbsp;werkjes maken. De kleuter die bijvoorbeeld al kan rekenen, kan rekenkundig materiaal gegeven worden&nbsp;dat niet in de lagere&nbsp;school aangeboden&nbsp;wordt. Ook het wetenschappelijke veld biedt tal van mogelijkheden voor kleuters met interesse in astrologie of scheikundige proefjes.<\/p>\n\n\n\n<p class=\"has-white-background-color has-background\"><a href=\"http:\/\/145plus.net\/tiki\/tiki-editpage.php?page=Aanpak+UHB+kleuters&amp;hdr=6\"><\/a><\/p>\n\n\n\n<h4 class=\"wp-block-heading\" id=\"Tips_voor_de_leerkracht:_2\">Tips voor de&nbsp;leerkracht:<a href=\"http:\/\/145plus.net\/tiki\/tiki-index.php?page=Aanpak-UHB-kleuters#Tips_voor_de_leerkracht:_2\"><\/a><\/h4>\n\n\n\n<ul class=\"wp-block-list\">\n<li>Volg de interesses of talenten van je kleuter. Zo leert de UHB kleuter hoe fijn &#8216;leren&#8217; eigenlijk is en ontwikkelt hij al vroeg executieve functies die hij later als leerling of student zeker nodig heeft.<br><\/li>\n\n\n\n<li>Informeer je bij de ouders van de kleuter welke goeie apps of leerplatforms er zijn. De ouders&nbsp;hebben vaak al een hele weg afgelegd in hun zoektocht en kunnen aangeven welke apps werken, maar zeker ook wat er ni\u00e9t werkt bij hun kind. Ouders zijn vaak echte \u201cervaringsdeskundigen\u201d als het over hun eigen kindje gaat.<\/li>\n<\/ul>\n\n\n\n<p class=\"has-white-background-color has-background\"><\/p>\n\n\n\n<h3 class=\"wp-block-heading\" id=\"peergroeponderwijs\">Peergroeponderwijs<\/h3>\n\n\n\n<p><em><strong>Prodia:<\/strong>&nbsp;&#8220;Peergroeponderwijs is iedere vorm van onderwijs waarin meerdere cognitief sterke leerlingen voor een bepaalde periode bij elkaar zitten en verrijkende leerstof aangeboden krijgen. Dit kan vari\u00ebren van een binnenschoolse verrijkingsgroep van een of twee uur per week, een buitenschoolse verrijkingsgroep van een halve tot hele dag per week tot voltijds verrijkingsonderwijs.&#8221;<\/em><\/p>\n\n\n\n<p>Peergroeponderwijs is uiterst interessant voor een UHB kleuter. Om zich goed te ontwikkelen, is het nodig dat een UHB kind zich van jongs af kan spiegelen aan ontwikkelingsgelijken of &#8220;peers&#8221;: dit zijn kinderen met hetzelfde ontwikkelingsproces, dezelfde intelligentie of verstandelijke voorsprong, of dezelfde (schoolse) interesses en capaciteiten. Dit helpt de kleuter te beseffen dat hij ok\u00e9&nbsp;is zoals hij is, zodat hij&nbsp;een positief&nbsp;zelfbeeld kan&nbsp;ontwikkelen.&nbsp;<\/p>\n\n\n\n<p>Er bestaan tal van mogelijkheden op vlak van peergroeponderwijs:<\/p>\n\n\n\n<ul class=\"wp-block-list\">\n<li>kangoeroeklassen, plusklassen, \u2026<\/li>\n\n\n\n<li>klasoverschrijdende activiteiten<\/li>\n\n\n\n<li>buitenschoolse plusklassen<\/li>\n\n\n\n<li>buitenschoolse dagtrajecten voor UHB kinderen<\/li>\n<\/ul>\n\n\n\n<p class=\"has-white-background-color has-background\"><a href=\"http:\/\/145plus.net\/tiki\/tiki-editpage.php?page=Aanpak+UHB+kleuters&amp;hdr=8\"><\/a><\/p>\n\n\n\n<h4 class=\"wp-block-heading\" id=\"Tip_voor_de_leerkracht:\">Tip voor de&nbsp;leerkracht:<a href=\"http:\/\/145plus.net\/tiki\/tiki-index.php?page=Aanpak-UHB-kleuters#Tip_voor_de_leerkracht:\"><\/a><\/h4>\n\n\n\n<ul class=\"wp-block-list\">\n<li>Neem eens een kijkje bij de dagtrajecten van&nbsp;<a rel=\"noreferrer noopener\" href=\"https:\/\/talentvol.be\/aanbod\" target=\"_blank\">&#8220;Talentvol&#8221;&nbsp;<\/a>&nbsp;voor uitzonderlijk hoogbegaafde kleuters. Misschien haalt u er wel een interessant onderwerp of activiteit&nbsp;uit die u ook uw UHB leerling in uw klas kan aanbieden.<\/li>\n<\/ul>\n\n\n\n<p class=\"has-white-background-color has-background\"><\/p>\n\n\n\n<h3 class=\"wp-block-heading\" id=\"versnellen\">Versnellen<\/h3>\n\n\n\n<p><em><strong>Prodia:<\/strong>&nbsp;&#8220;Als er sprake is van een grote didactische voorsprong en bovengenoemde maatregelen onvoldoende tegemoetkomen aan de onderwijsbehoeften van een leerling, is versnellen het overwegen waard. Versnellen kan verschillende vormen aannemen:<\/em><\/p>\n\n\n\n<ul class=\"wp-block-list\">\n<li><em>vervroegd instromen in een volgend onderwijsniveau, mits voldaan is aan de wettelijke toelatingsvoorwaarden<\/em><\/li>\n\n\n\n<li><em>overslaan van een leerjaar&nbsp;<\/em><\/li>\n\n\n\n<li><em>doorlopen van meerdere leerjaren in een schooljaar<\/em><\/li>\n\n\n\n<li><em>versnellen voor een bepaald vak&#8221;&nbsp;<\/em><\/li>\n<\/ul>\n\n\n\n<p>Voor UHB kleuters is versnellen een zeer goede manier&nbsp;om aan hun&nbsp;asynchrone cognitieve ontwikkeling tegemoet te komen. Dit kan gaan over een eenmalige versnelling, maar m\u00e9\u00e9r dan bij hoogbegaafde of sterk functionerende kinderen zijn ook meervoudige&nbsp;versnellingen soms nodig.<\/p>\n\n\n\n<p>Bij UHB kinderen is het effect van meervoudige versnelling in het buitenland langdurig bestudeerd. En hoe gek&nbsp;het misschien ook klinkt: vooral versnellingen van 3 of meer jaren bleken een zeer positief effect te hebben op lange termijn. Deze kinderen deden het op \u00e0lle gebieden (op verstandelijk, maar ook op sociaal en emotioneel vlak) v\u00e9\u00e9l beter tijdens hun schoolcarri\u00e8re maar ook in hun latere leven dan hun peers die eenmalig of ni\u00e9t versneld werden.<\/p>\n\n\n\n<p>Wil je meer weten over dit onderzoek? Lees dan\u00a0<a href=\"http:\/\/145plus.net\/pub\/2021\/09\/16\/versnellen\/\">hier<\/a>\u00a0verder.<\/p>\n\n\n\n<p>Omdat vele UHB kleuters al met een extreme verstandelijke voorsprong in de kleuterklas terecht komen, is versnelling&nbsp;een goede manier om in te spelen op hun leerhonger en hun hoger verwerkingstempo. Belangrijk is wel dat z\u00e9lfs na een versnelling (ook na een meervoudige versnelling) er nog altijd gecombineerd wordt met de stappen uit de basismaatregelen: compacten, verrijken en\/of&nbsp;peergroepsonderwijs. Niet&nbsp;alleen om verveling te voorkomen, maar vooral om het kind \u00e9chte uitdaging-op-maat te bieden en het de nodige leervaardigheden en executieve functies te laten ontwikkelen. UHB kleuters hebben het al op zeer jonge leeftijd nodig om te leren &#8216;leren&#8217;. Ze ontwikkelen hun executieve functies pas wanneer ze onderwijs binnen hun zone van naaste ontwikkeling krijgen. En deze zone van naaste ontwikkeling ligt een stuk hoger dan die van hun klasgenoten, zelfs dan die van hun hoogbegaafde of sterk functionerende peers.<\/p>\n\n\n\n<p>Hoewel we hier over&nbsp;&#8220;versnellen&#8221; spreken, gaat het eigenlijk meer over het &#8216;volgen van de&nbsp;natuurlijke ontwikkeling&#8217; van UHB kinderen en het &#8216;voeden van hun eindeloze leerhonger&#8217;. Versnellen is voor UHB kleuters gewoon&nbsp;een basisbehoefte.<\/p>\n\n\n\n<p class=\"has-white-background-color has-background\"><a href=\"http:\/\/145plus.net\/tiki\/tiki-editpage.php?page=Aanpak+UHB+kleuters&amp;hdr=10\"><\/a><\/p>\n\n\n\n<h4 class=\"wp-block-heading\" id=\"Tip_voor_de_school:\">Tip&nbsp;voor de&nbsp;school:<a href=\"http:\/\/145plus.net\/tiki\/tiki-index.php?page=Aanpak-UHB-kleuters#Tip_voor_de_school:\"><\/a><\/h4>\n\n\n\n<ul class=\"wp-block-list\">\n<li>Merkt u dat de&nbsp;UHB kleuter&nbsp;op uw school een zeer grote voorsprong heeft en dus nood&nbsp;aan een meervoudige versnelling? Neem contact op met het CLB en bespreek op welke manier dit kind eventueel toch kan genieten van de voordelen van een meervoudige versnelling.&nbsp;<\/li>\n<\/ul>\n\n\n\n<p class=\"has-white-background-color has-background\"><\/p>\n\n\n\n<h3 class=\"wp-block-heading\" id=\"vakversnelling\">Vakversnelling<\/h3>\n\n\n\n<p>Het klinkt misschien gek om bij kleuters over &#8220;vakversnelling&#8221; te spreken. Toch willen we ook hier dit topic behandelen.<\/p>\n\n\n\n<p>Kleuters die letters of woordjes herkennen of al met cijfers bezig zijn voor ze naar de kleuterschool gaan, zijn geen uitzondering. Sommigen onder hen leerden zichzelf zelfs al lezen of vinden sommen interessant. Anderen ontwikkelen hun taal- of rekentalent razendsnel tijdens hun kleuterperiode of hebben een extreem grote interesse in andere zaken: dinosaurussen, het heelal, geschiedenis van bijvoorbeeld de Romeinen of Egyptenaren, &#8230;&nbsp;<\/p>\n\n\n\n<p>Het is dan ook van belang dat dit wordt meegenomen in het individuele leertraject van de UHB kleuter. Een kind dat al kennis heeft van letters of cijfers, heeft een grote drang om zich hierin te verbeteren. Het kan zijn dat een versnelling voor het UHB kind geen optie is om uiteenlopende redenen. Maar zelfs wanneer dit kind in de kleuterklas onder leeftijdsgenootjes blijft, is het nodig hem uitdaging te geven binnen zijn talent of kunnen.<\/p>\n\n\n\n<p>Al in de kleuterklas kan ingespeeld worden op de noden van dit kind. Via oefenboekjes, eenvoudige online oefenapps of rekenspelletjes, kan het kind ook in de kleuterklas aan het werk gezet worden, bijvoorbeeld op een moment dat de andere kleuters werkjes doen die&nbsp;het kind al lang onder de knie heeft (zie: compacten). Op die manier wordt voldaan aan de basisbehoefte van deze kleuter om te leren en zich te ontwikkelen. Het zal er voor zorgen dat het kind van in het begin ervaart dat leren op zijn persoonlijk niveau leuk is en z&#8217;n leerhonger bevredigd wordt.<\/p>\n\n\n\n<p class=\"has-white-background-color has-background\"><a href=\"http:\/\/145plus.net\/tiki\/tiki-editpage.php?page=Aanpak+UHB+kleuters&amp;hdr=12\"><\/a><\/p>\n\n\n\n<h4 class=\"wp-block-heading\" id=\"Tip_voor_de_leerkracht:_2\">Tip&nbsp;voor de&nbsp;leerkracht:<a href=\"http:\/\/145plus.net\/tiki\/tiki-index.php?page=Aanpak-UHB-kleuters#Tip_voor_de_leerkracht:_2\"><\/a><\/h4>\n\n\n\n<ul class=\"wp-block-list\">\n<li>Geef het UHB kind in je kleuterklas eens wat moeilijke opdrachtjes binnen het domein waarin het al &#8216;goed&#8217; is. Je zal versteld staan van de snelheid waarmee het zich nieuwe dingen eigen maakt en het leerplezier dat het hier uit haalt. Een UHB kind dat mag leren, is een gelukkiger kind.<\/li>\n<\/ul>\n\n\n\n<p class=\"has-white-background-color has-background\"><\/p>\n\n\n\n<h3 class=\"wp-block-heading\" id=\"Individuele_leertrajecten\">Individuele leertrajecten<\/h3>\n\n\n\n<p>Individuele trajecten voor hoogbegaafde kinderen staan opgenomen in&nbsp;het&nbsp;<a target=\"_blank\" href=\"https:\/\/codex.vlaanderen.be\/Portals\/Codex\/documenten\/1024474.html\/\" rel=\"noreferrer noopener\">&#8220;Decreet betreffende maatregelen voor leerlingen met specifieke onderwijsbehoeften&#8221;<\/a>&nbsp;(zie onder&nbsp;Artikel III.15)<\/p>\n\n\n\n<p>In se&nbsp;heeft \u00e9lk uitzonderlijk hoogbegaafd kind dat in onderwijs terecht komt, van dag 1 een&nbsp;individueel leertraject nodig. Ongeacht of het kind zich van in het begin onderscheidt op verstandelijk vlak. Zeker in kleuterscholen helpt&nbsp;een flexibele aanpak om in te spelen op de specifieke noden van een UHB kleuter.<\/p>\n\n\n\n<p>Voor de opstart van zo&#8217;n traject is het belangrijk dat men niet wacht tot de dag dat de kleuter tekenen begint te tonen van verveling of onaangepast gedrag. Deze kinderen komen vanaf hun eerste dag als UHB naar school en het is dus van belang dat ze van in het begin worden herkend en op de juiste manier worden begeleid. Dit om aanpassing aan de standaard, onderpresteren en de vaak bijhorende psychologische problemen van deze kinderen te voorkomen.<\/p>\n\n\n\n<p>Kleuterscholen hebben hier een belangrijke taak in het op gang brengen van een schoolcarri\u00e8re waarin UHB kinderen \u00e9cht&nbsp;kunnen leren op hun natuurlijke leerniveau. Het spreekt voor zich dat hiervoor kennis over uitzonderlijke hoogbegaafdheid&nbsp;een absolute noodzaak is.<\/p>\n\n\n\n<p class=\"has-white-background-color has-background\"><a href=\"http:\/\/145plus.net\/tiki\/tiki-editpage.php?page=Aanpak+UHB+kleuters&amp;hdr=15\"><\/a><\/p>\n\n\n\n<h4 class=\"wp-block-heading\" id=\"Tip_voor_de_leerkracht:_3\">Tip&nbsp;voor de&nbsp;leerkracht:<a href=\"http:\/\/145plus.net\/tiki\/tiki-index.php?page=Aanpak-UHB-kleuters#Tip_voor_de_leerkracht:_3\"><\/a><\/h4>\n\n\n\n<ul class=\"wp-block-list\">\n<li>Zoek info of hulp bij de zorgkracht of het CLB voor het opstarten van zo&#8217;n traject voor de UHB kleuter in je klas.<\/li>\n<\/ul>\n\n\n\n<p class=\"has-white-background-color has-background\"><\/p>\n\n\n\n<h3 class=\"wp-block-heading\" id=\"gebruik_van_code_P\">Gebruik van Code P<\/h3>\n\n\n\n<p>Om een (leerplichtige) kleuter te laten genieten van bijvoorbeeld een extern dagtraject voor UHB kinderen, is een wettelijke afwezigheidsformule nodig. Via code P kunnen scholen de afwezigheid van&nbsp;UHB kinderen wettigen. Deze code kan door schooldirecties in autonomie toegepast worden ten gunste van de leerling. (Meer info:&nbsp;<a target=\"_blank\" href=\"https:\/\/data-onderwijs.vlaanderen.be\/edulex\/document.aspx?docid=13281\" rel=\"noreferrer noopener\">klik hier.<\/a>)<\/p>\n\n\n\n<p>Op deze manier wordt het mogelijk gemaakt om aan&nbsp;UHB kinderen die al een grote behoefte hebben aan leren of aan&nbsp;verstandelijke uitdaging, welke door de kleuterleerkracht of de school niet (volledig) kan opgevuld worden, deze uitdaging te bieden door bijvoorbeeld&nbsp; buitenschoolse activiteiten (zoals een dagtraject bij een UHB coach) of zelfs via&nbsp;deeltijds huisonderwijs. Ook UHB kinderen die in de kleuterklas toch al vastlopen bij gebrek aan uitdaging en hierdoor psychologische klachten of probleemgedrag ontwikkelen,&nbsp;kunnen via code P bijvoorbeeld een tijdje thuis tot rust komen. In die periode kan dan een nieuw of aangepast individueel leertraject ontwikkeld worden of kunnen andere mogelijkheden bekeken worden.<\/p>\n\n\n\n<p class=\"has-white-background-color has-background\"><a href=\"http:\/\/145plus.net\/tiki\/tiki-editpage.php?page=Aanpak+UHB+kleuters&amp;hdr=17\"><\/a><\/p>\n\n\n\n<h4 class=\"wp-block-heading\" id=\"Tip_voor_de_school:_2\">Tip&nbsp;voor de&nbsp;school:<a href=\"http:\/\/145plus.net\/tiki\/tiki-index.php?page=Aanpak-UHB-kleuters#Tip_voor_de_school:_2\"><\/a><\/h4>\n\n\n\n<ul class=\"wp-block-list\">\n<li>Staat je school wel open voor een buitenschools traject van dit kind met bijzondere noden? Volgens onze recente informatie (januari 2021) is er voor het Kabinet van Onderwijs g\u00e9\u00e9n reden om de code P voor (uitzonderlijk) hoogbegaafde kinderen niet te gebruiken. Zij moedigen buitenschoolse trajecten of onderwijs aan om tegemoet te komen aan de noden van UHB kinderen.<\/li>\n<\/ul>\n\n\n\n<p class=\"has-white-background-color has-background\"><\/p>\n\n\n\n<p><\/p>\n\n\n\n<p class=\"has-text-align-center\"><em>Wil u nog meer te weten komen over UHB kleuters?<br>Neem een kijkje bij onze&nbsp;artikels over <a href=\"http:\/\/145plus.net\/pub\/leestips-over-uhb-kleuters\/\">UHB kleuters&nbsp;in het onderwijs<\/a>!<\/em><\/p>\n","protected":false},"excerpt":{"rendered":"<p>Ook voor&nbsp;uitzonderlijk begaafde kleuters zijn onderwijsaanpassingen&nbsp;een absolute noodzaak. Het feit dat deze kinderen nog heel erg jong zijn, mag geen excuus zijn om hen geen uitdaging op maat te geven. Integendeel: uit wetenschappelijk langdurig onderzoek in o.a. de Verenigde Staten en Australi\u00eb blijkt dat&nbsp;hoe vroeger onderwijsaanpassingen doorgevoerd worden om UHB kinderen passend(er) onderwijs te geven, [&hellip;]<\/p>\n","protected":false},"author":2,"featured_media":0,"parent":0,"menu_order":0,"comment_status":"closed","ping_status":"closed","template":"","meta":{"footnotes":""},"class_list":["post-683","page","type-page","status-publish","hentry"],"_links":{"self":[{"href":"http:\/\/145plus.net\/pub\/wp-json\/wp\/v2\/pages\/683","targetHints":{"allow":["GET"]}}],"collection":[{"href":"http:\/\/145plus.net\/pub\/wp-json\/wp\/v2\/pages"}],"about":[{"href":"http:\/\/145plus.net\/pub\/wp-json\/wp\/v2\/types\/page"}],"author":[{"embeddable":true,"href":"http:\/\/145plus.net\/pub\/wp-json\/wp\/v2\/users\/2"}],"replies":[{"embeddable":true,"href":"http:\/\/145plus.net\/pub\/wp-json\/wp\/v2\/comments?post=683"}],"version-history":[{"count":3,"href":"http:\/\/145plus.net\/pub\/wp-json\/wp\/v2\/pages\/683\/revisions"}],"predecessor-version":[{"id":826,"href":"http:\/\/145plus.net\/pub\/wp-json\/wp\/v2\/pages\/683\/revisions\/826"}],"wp:attachment":[{"href":"http:\/\/145plus.net\/pub\/wp-json\/wp\/v2\/media?parent=683"}],"curies":[{"name":"wp","href":"https:\/\/api.w.org\/{rel}","templated":true}]}}